{"id":122,"date":"2021-12-17T13:31:04","date_gmt":"2021-12-17T12:31:04","guid":{"rendered":"https:\/\/gehirn.dform.at\/?page_id=122"},"modified":"2024-10-01T15:45:19","modified_gmt":"2024-10-01T13:45:19","slug":"impressum","status":"publish","type":"page","link":"https:\/\/gehirn.dform.at\/en\/impressum\/","title":{"rendered":"Impressum"},"content":{"rendered":"<p><\/p>\n\n\n\n<p>Kunst- und Ausstellungshalle der Bundesrepublik Deutschland GmbH<br>Museumsmeile Bonn<br>Helmut-Kohl-Allee 4<br>53113 Bonn<\/p>\n\n\n\n<p>Postfach 12 05 40<br>53047 Bonn<br><br>Gesch\u00e4ftsf\u00fchrung: Dr. Eva-Christina Kraus,&nbsp;Oliver H\u00f6lken<\/p>\n\n\n\n<p>HRB Nr. 5096<br>Amtsgericht Bonn<br>Umsatzsteuer ID Nr. DE811386971<br><br>Konto 3 177 177 00<br>Deutsche Bank Bonn<br>BLZ 380 700 59<br>IBAN DE03 3807 0059 0317 7177 00<br>BIC DEUT DE DK 380<br><br>Vorsitzender des <a href=\"https:\/\/www.bundeskunsthalle.de\/ueber-uns\/die-organisation.html\">Kuratoriums<\/a>: Ministerialdirektor Dr. G\u00fcnter Winands<\/p>\n\n\n\n<p>Die Kunst- und Ausstellungshalle der Bundesrepublik Deutschland GmbH, Bonn, ist eine Einrichtung des Bundes und der L\u00e4nder und wird gef\u00f6rdert durch die Beauftragte der Bundesregierung f\u00fcr Kultur und Medien (BKM) aufgrund eines Beschlusses des Deutschen Bundestages.<\/p>\n\n\n\n<div class=\"wp-block-columns is-layout-flex wp-container-core-columns-is-layout-9d6595d7 wp-block-columns-is-layout-flex\">\n<div class=\"wp-block-column is-layout-flow wp-block-column-is-layout-flow\" style=\"flex-basis:33.33%\">\n<figure class=\"wp-block-image size-full\"><img decoding=\"async\" width=\"245\" height=\"100\" src=\"https:\/\/gehirn.dform.at\/wp-content\/uploads\/2022\/01\/Die-Beauftragte-der-Bundesregierung.png\" alt=\"\" class=\"wp-image-452\" srcset=\"https:\/\/gehirn.dform.at\/wp-content\/uploads\/2022\/01\/Die-Beauftragte-der-Bundesregierung.png 245w, https:\/\/gehirn.dform.at\/wp-content\/uploads\/2022\/01\/Die-Beauftragte-der-Bundesregierung-18x7.png 18w\" sizes=\"(max-width: 245px) 100vw, 245px\" \/><\/figure>\n<\/div>\n\n\n\n<div class=\"wp-block-column is-layout-flow wp-block-column-is-layout-flow\" style=\"flex-basis:66.66%\"><\/div>\n<\/div>\n\n\n\n<p>V.i.S.d.P.: Sven Bergmann<\/p>\n\n\n\n<p><strong>Realisation<\/strong><br>Grafische Gestaltung und technische Umsetzung:<br><a href=\"http:\/\/dform.at\">dform GbR<\/a><\/p>\n\n\n\n<p><strong>Administration Website<\/strong><br>Benjamin Doum<\/p>\n\n\n\n<p>Die Europ\u00e4ische Kommission stellt eine Plattform f\u00fcr die au\u00dfergerichtliche OnlineStreitbeilegung (OS-Plattform) bereit, aufrufbar unter&nbsp;<a href=\"https:\/\/ec.europa.eu\/odr\">https:\/\/ec.europa.eu\/odr<\/a>.<\/p>","protected":false},"excerpt":{"rendered":"Kunst- und Ausstellungshalle der Bundesrepublik Deutschland GmbHMuseumsmeile BonnHelmut-Kohl-Allee 453113 Bonn Postfach 12 05 4053047 Bonn Gesch\u00e4ftsf\u00fchrung: Dr. Eva-Christina Kraus,&nbsp;Oliver H\u00f6lken HRB Nr. 5096Amtsgericht BonnUmsatzsteuer ID Nr. DE811386971 Konto 3 177 177 00Deutsche Bank BonnBLZ 380 700 59IBAN DE03 3807 0059 0317 7177 00BIC DEUT DE DK 380 Vorsitzender des Kuratoriums: Ministerialdirektor Dr. G\u00fcnter Winands Die [&hellip;]","protected":false},"author":1,"featured_media":0,"parent":0,"menu_order":0,"comment_status":"closed","ping_status":"closed","template":"page-meta.php","meta":{"footnotes":""},"class_list":["post-122","page","type-page","status-publish","hentry"],"_links":{"self":[{"href":"https:\/\/gehirn.dform.at\/en\/wp-json\/wp\/v2\/pages\/122","targetHints":{"allow":["GET"]}}],"collection":[{"href":"https:\/\/gehirn.dform.at\/en\/wp-json\/wp\/v2\/pages"}],"about":[{"href":"https:\/\/gehirn.dform.at\/en\/wp-json\/wp\/v2\/types\/page"}],"author":[{"embeddable":true,"href":"https:\/\/gehirn.dform.at\/en\/wp-json\/wp\/v2\/users\/1"}],"replies":[{"embeddable":true,"href":"https:\/\/gehirn.dform.at\/en\/wp-json\/wp\/v2\/comments?post=122"}],"version-history":[{"count":6,"href":"https:\/\/gehirn.dform.at\/en\/wp-json\/wp\/v2\/pages\/122\/revisions"}],"predecessor-version":[{"id":713,"href":"https:\/\/gehirn.dform.at\/en\/wp-json\/wp\/v2\/pages\/122\/revisions\/713"}],"wp:attachment":[{"href":"https:\/\/gehirn.dform.at\/en\/wp-json\/wp\/v2\/media?parent=122"}],"curies":[{"name":"wp","href":"https:\/\/api.w.org\/{rel}","templated":true}]}}